{"id":436,"date":"2025-10-07T20:02:08","date_gmt":"2025-10-07T18:02:08","guid":{"rendered":"https:\/\/pdisseny.com\/sectores\/"},"modified":"2025-10-21T19:28:34","modified_gmt":"2025-10-21T17:28:34","slug":"sectors","status":"publish","type":"page","link":"https:\/\/pdisseny.com\/ca\/sectors\/","title":{"rendered":"Sectors"},"content":{"rendered":"<section class=\"block-wrapper block-wrapper-cfb corporate block-wrapper-header background-as-attr bg-norepeat\" data-image-src=\"https:\/\/pdisseny.com\/wp-content\/uploads\/2025\/10\/sectores-2.jpg\"><div class=\"container\"><div class=\"block-in-wrapper\"><h1 class=\"block-title\">Solucions PLV adaptades a cada sector<\/h1><div class=\"block-description\"><p>Dissenyem i fabriquem encunys i expositors que impulsen les teves vendes en el punt de venda.<\/p>\n<\/div><div class=\"block-cta-wrapper\"><a class=\"btn modal-launcher btn-primary\" title=\"Contacta amb nosaltres\" data-type=\"modal\" data-rel=\"451\" data-size=\"md\">Contacta amb nosaltres<\/a><\/div><\/div><\/div><\/section>\n\n<section class=\"block-wrapper block-wrapper-cfb corporate margin-top-medium block-wrapper-image-content no-bg image-left\" data-image-src=\"\"><div class=\"container\"><div class=\"block-in-wrapper\"><div class=\"row justify-content-center g-0\"><div class=\"block-text-wrapper col-lg-6\"><h2 class=\"block-title\">Especialistes en solucions multisectorials<\/h2><div class=\"block-description\"><p>Cada sector presenta desafiaments \u00fanics, i la nostra experi\u00e8ncia consisteix a donar-los una resposta t\u00e8cnica precisa. Ja sigui per a <strong>l&#8217;alta cosm\u00e8tica, l&#8217;automoci\u00f3 o el gran retail<\/strong>, no sols adaptem el disseny, sin\u00f3 tot el proc\u00e9s de fabricaci\u00f3 a les exig\u00e8ncies del producte i del punt de venda.<\/p>\n<p>El resultat s\u00f3n solucions PLV que responen amb el mateix rigor a cada repte, garantint sempre la m\u00e0xima<strong> qualitat, durabilitat i visibilitat.<\/strong><\/p>\n<\/div><\/div><div class=\"block-image-wrapper col-lg-6\"><div class=\"image-text\"><img decoding=\"async\" src=\"https:\/\/pdisseny.com\/wp-content\/uploads\/2025\/10\/Rectangle.jpg\" alt=\"Gran consumo y retail\" class=\"img-fluid\" ><div class=\"block-text-image\"><p>Precisi\u00f3 i innovaci\u00f3 constant<\/p><\/div><\/div><\/div><\/div><\/div><\/div><\/section>\n\n<section class=\"block-wrapper block-wrapper-cfb corporate block-wrapper-columns-icons\"><div class=\"container\"><div class=\"block-in-wrapper\"><h2 class=\"block-title\">La teva soluci\u00f3 ideal, perfectament integrada en el seu entorn<\/h2><div class=\"block-description\"><p>Coneix com ajudem diferents ind\u00fastries a destacar en el punt de venda i en esdeveniments.<\/p>\n<\/div><div class=\"row\"><div class=\"column-item col-md-4 col-lg-2\"><div class=\"block-article\"><div class=\"title-subtitle order-2\"><h3 class=\"title\">Fires i esdeveniments<\/h3><\/div><div class=\"image-wrapper order-1\"><img decoding=\"async\" src=\"https:\/\/pdisseny.com\/wp-content\/uploads\/2025\/10\/Vector-11.svg\" alt=\"Icon\" class=\"img-fluid\" ><\/div><\/div><\/div><div class=\"column-item col-md-4 col-lg-2\"><div class=\"block-article\"><div class=\"title-subtitle order-2\"><h3 class=\"title\">Gran consum i retail<\/h3><\/div><div class=\"image-wrapper order-1\"><img decoding=\"async\" src=\"https:\/\/pdisseny.com\/wp-content\/uploads\/2025\/10\/Vector-1-2.svg\" alt=\"Icon\" class=\"img-fluid\" ><\/div><\/div><\/div><div class=\"column-item col-md-4 col-lg-2\"><div class=\"block-article\"><div class=\"title-subtitle order-2\"><h3 class=\"title\">Automoci\u00f3<\/h3><\/div><div class=\"image-wrapper order-1\"><img decoding=\"async\" src=\"https:\/\/pdisseny.com\/wp-content\/uploads\/2025\/10\/Vector-2-2.svg\" alt=\"Icon\" class=\"img-fluid\" ><\/div><\/div><\/div><div class=\"column-item col-md-4 col-lg-2\"><div class=\"block-article\"><div class=\"title-subtitle order-2\"><h3 class=\"title\">Ind\u00fastria<\/h3><\/div><div class=\"image-wrapper order-1\"><img decoding=\"async\" src=\"https:\/\/pdisseny.com\/wp-content\/uploads\/2025\/10\/Vector-3-1.svg\" alt=\"Icon\" class=\"img-fluid\" ><\/div><\/div><\/div><div class=\"column-item col-md-4 col-lg-2\"><div class=\"block-article\"><div class=\"title-subtitle order-2\"><h3 class=\"title\">Farm\u00e0cia<\/h3><\/div><div class=\"image-wrapper order-1\"><img decoding=\"async\" src=\"https:\/\/pdisseny.com\/wp-content\/uploads\/2025\/10\/Vector-4.svg\" alt=\"Icon\" class=\"img-fluid\" ><\/div><\/div><\/div><div class=\"column-item col-md-4 col-lg-2\"><div class=\"block-article\"><div class=\"title-subtitle order-2\"><h3 class=\"title\">Cosm\u00e8tica<\/h3><\/div><div class=\"image-wrapper order-1\"><img decoding=\"async\" src=\"https:\/\/pdisseny.com\/wp-content\/uploads\/2025\/10\/Vector-5.svg\" alt=\"Icon\" class=\"img-fluid\" ><\/div><\/div><\/div><div class=\"column-item col-md-4 col-lg-2\"><div class=\"block-article\"><div class=\"title-subtitle order-2\"><h3 class=\"title\">\u00d2ptica<\/h3><\/div><div class=\"image-wrapper order-1\"><img decoding=\"async\" src=\"https:\/\/pdisseny.com\/wp-content\/uploads\/2025\/10\/Vector-6.svg\" alt=\"Icon\" class=\"img-fluid\" ><\/div><\/div><\/div><div class=\"column-item col-md-4 col-lg-2\"><div class=\"block-article\"><div class=\"title-subtitle order-2\"><h3 class=\"title\">Jogueter<\/h3><\/div><div class=\"image-wrapper order-1\"><img decoding=\"async\" src=\"https:\/\/pdisseny.com\/wp-content\/uploads\/2025\/10\/Vector-7.svg\" alt=\"Icon\" class=\"img-fluid\" ><\/div><\/div><\/div><div class=\"column-item col-md-4 col-lg-2\"><div class=\"block-article\"><div class=\"title-subtitle order-2\"><h3 class=\"title\">Editorials<\/h3><\/div><div class=\"image-wrapper order-1\"><img decoding=\"async\" src=\"https:\/\/pdisseny.com\/wp-content\/uploads\/2025\/10\/Vector-8.svg\" alt=\"Icon\" class=\"img-fluid\" ><\/div><\/div><\/div><div class=\"column-item col-md-4 col-lg-2\"><div class=\"block-article\"><div class=\"title-subtitle order-2\"><h3 class=\"title\">Climatitzaci\u00f3<\/h3><\/div><div class=\"image-wrapper order-1\"><img decoding=\"async\" src=\"https:\/\/pdisseny.com\/wp-content\/uploads\/2025\/10\/Vector-9.svg\" alt=\"Icon\" class=\"img-fluid\" ><\/div><\/div><\/div><div class=\"column-item col-md-4 col-lg-2\"><div class=\"block-article\"><div class=\"title-subtitle order-2\"><h3 class=\"title\">Mascotes<\/h3><\/div><div class=\"image-wrapper order-1\"><img decoding=\"async\" src=\"https:\/\/pdisseny.com\/wp-content\/uploads\/2025\/10\/Vector-10.svg\" alt=\"Icon\" class=\"img-fluid\" ><\/div><\/div><\/div><\/div><\/div><\/div><\/section>\n\n<section class=\"block-wrapper block-wrapper-cfb corporate block-wrapper-image-content no-bg image-right\" data-image-src=\"\"><div class=\"container\"><div class=\"block-in-wrapper\"><div class=\"row justify-content-center g-0\"><div class=\"block-text-wrapper col-lg-6\"><h2 class=\"block-title\">Solucions a mesura, precisi\u00f3 garantida<\/h2><div class=\"block-description\"><p>Cada sector t\u00e9 les seves pr\u00f2pies necessitats, per\u00f2 la nostra garantia de qualitat \u00e9s universal. Integrem el <strong>disseny estructural i gr\u00e0fic<\/strong> amb la nostra <strong>capacitat de producci\u00f3 i muntatge<\/strong> en un flux de treball unificat.<\/p>\n<p>Aquest <strong>control total del proc\u00e9s<\/strong> ens permet assegurar la m\u00e0xima fidelitat al disseny, una qualitat d&#8217;acabat superior i el compliment rigor\u00f3s dels terminis de lliurament.<\/p>\n<ul>\n<li><strong>Versatilitat t\u00e8cnica<\/strong> en materials i formats.<\/li>\n<li><strong>Control intern<\/strong> gr\u00e0cies a la fabricaci\u00f3 pr\u00f2pia.<\/li>\n<li><strong>Garantia<\/strong> en terminis de lliurament.<\/li>\n<li><strong>Optimitzaci\u00f3 de materials<\/strong> i solucions a mesura.<\/li>\n<\/ul>\n<\/div><\/div><div class=\"block-image-wrapper col-lg-6\"><div class=\"image-text\"><img decoding=\"async\" src=\"https:\/\/pdisseny.com\/wp-content\/uploads\/2025\/10\/Rectangle-1.jpg\" alt=\"Producte\" class=\"img-fluid\" ><div class=\"block-text-image\"><p>Precisi\u00f3 i innovaci\u00f3 constant<\/p><\/div><\/div><\/div><\/div><\/div><\/div><\/section>\n\n<section class=\"block-wrapper block-wrapper-cfb corporate margin-bottom-medium block-wrapper-gallery slider-galery\"><div class=\"container\"><div class=\"block-in-wrapper\"><h2 class=\"block-title text-center text-md-center text-lg-center\">La nostra experi\u00e8ncia aplicada en cada sector<\/h2><div class=\"block-description text-center text-md-center text-lg-center\"><p>Coneix alguns dels projectes que reflecteixen la nostra capacitat d&#8217;adaptaci\u00f3 i qualitat constant.<\/p>\n<\/div><div class=\"gur-block-gallery gur-block-gallery-slider has-slick-slider\" data-slick-show=\"3,2,1\" data-slick-scroll=\"3,2,1\" data-slick-infinite=\"true\" data-slick-arrows=\"true\"><div class=\"item\"><a class=\"image-wrapper\" href=\"https:\/\/pdisseny.com\/wp-content\/uploads\/2025\/10\/Rectangle.jpg\" title=\"Gran consum i retail\" data-lightbox=\"69f2a1b119c75\"><img decoding=\"async\" src=\"https:\/\/pdisseny.com\/wp-content\/uploads\/2025\/10\/Rectangle.jpg\" alt=\"Gran consum i retail\" class=\"img-fluid\"><div class=\"title-wrapper\"> <p class=\"title\">Gran consum i retail<\/p> <\/div><\/a><\/div><div class=\"item\"><a class=\"image-wrapper\" href=\"https:\/\/pdisseny.com\/wp-content\/uploads\/2025\/10\/cosmetica.png\" title=\"Cosm\u00e8tica\" data-lightbox=\"69f2a1b119c75\"><img decoding=\"async\" src=\"https:\/\/pdisseny.com\/wp-content\/uploads\/2025\/10\/cosmetica.png\" alt=\"Caixa de cosm\u00e8tica\" class=\"img-fluid\"><div class=\"title-wrapper\"> <p class=\"title\">Cosm\u00e8tica<\/p> <\/div><\/a><\/div><div class=\"item\"><a class=\"image-wrapper\" href=\"https:\/\/pdisseny.com\/wp-content\/uploads\/2025\/10\/editoriales.png\" title=\"Editorials\" data-lightbox=\"69f2a1b119c75\"><img decoding=\"async\" src=\"https:\/\/pdisseny.com\/wp-content\/uploads\/2025\/10\/editoriales.png\" alt=\"Llibres\" class=\"img-fluid\"><div class=\"title-wrapper\"> <p class=\"title\">Editorials<\/p> <\/div><\/a><\/div><\/div><\/div><\/div><\/section>\n\n<section class=\"block-wrapper block-wrapper-cfb corporate block-wrapper-banner background-as-attr \" data-image-src=\"https:\/\/pdisseny.com\/wp-content\/uploads\/2025\/10\/caja-ambar.jpg\"><div class=\"container\"><div class=\"block-in-wrapper\"><div class=\"row justify-content-center g-0\"><div class=\"col-12\"><div class=\"content-wrapper\"><div class=\"text-wrapper\"><h2 class=\"block-title\">Cerques una soluci\u00f3 PLV adaptada al teu sector?<\/h2><div class=\"block-description\"><p>Explica&#8217;ns les teves necessitats i crearem una estructura \u00fanica per a la teva marca.<\/p>\n<\/div><\/div><div class=\"block-cta-wrapper\"><a class=\"btn modal-launcher btn-primary\" title=\" Contacta amb nosaltres\" data-type=\"modal\" data-rel=\"451\" data-size=\"md\"> Contacta amb nosaltres<\/a><\/div><\/div><\/div><\/div><\/div><\/div><\/section>","protected":false},"excerpt":{"rendered":"","protected":false},"author":3,"featured_media":0,"parent":0,"menu_order":0,"comment_status":"closed","ping_status":"closed","template":"","meta":{"_acf_changed":false,"_genesis_hide_title":true,"_genesis_hide_breadcrumbs":false,"_genesis_hide_singular_image":false,"_genesis_hide_footer_widgets":false,"_genesis_custom_body_class":"","_genesis_custom_post_class":"","_genesis_layout":"","footnotes":""},"class_list":{"0":"post-436","1":"page","2":"type-page","3":"status-publish","5":"entry"},"acf":[],"_links":{"self":[{"href":"https:\/\/pdisseny.com\/ca\/wp-json\/wp\/v2\/pages\/436","targetHints":{"allow":["GET"]}}],"collection":[{"href":"https:\/\/pdisseny.com\/ca\/wp-json\/wp\/v2\/pages"}],"about":[{"href":"https:\/\/pdisseny.com\/ca\/wp-json\/wp\/v2\/types\/page"}],"author":[{"embeddable":true,"href":"https:\/\/pdisseny.com\/ca\/wp-json\/wp\/v2\/users\/3"}],"replies":[{"embeddable":true,"href":"https:\/\/pdisseny.com\/ca\/wp-json\/wp\/v2\/comments?post=436"}],"version-history":[{"count":0,"href":"https:\/\/pdisseny.com\/ca\/wp-json\/wp\/v2\/pages\/436\/revisions"}],"wp:attachment":[{"href":"https:\/\/pdisseny.com\/ca\/wp-json\/wp\/v2\/media?parent=436"}],"curies":[{"name":"wp","href":"https:\/\/api.w.org\/{rel}","templated":true}]}}