{"id":427,"date":"2025-08-11T16:39:40","date_gmt":"2025-08-11T16:39:40","guid":{"rendered":"https:\/\/pdisseny.com\/homepage\/"},"modified":"2025-10-21T18:53:39","modified_gmt":"2025-10-21T16:53:39","slug":"homepage","status":"publish","type":"page","link":"https:\/\/pdisseny.com\/ca\/","title":{"rendered":"Homepage"},"content":{"rendered":"<section class=\"block-wrapper block-wrapper-cfb corporate block-wrapper-header background-as-attr bg-norepeat\" data-image-src=\"https:\/\/pdisseny.com\/wp-content\/uploads\/2025\/10\/pdt-headr.jpg\"><div class=\"container\"><div class=\"block-in-wrapper\"><h1 class=\"block-title\">Elements PLV personalitzats per al teu negoci<\/h1><div class=\"block-description\"><p>Solucions completes en disseny, fabricaci\u00f3 i instal\u00b7laci\u00f3 de PLV, amb encunys propis que garanteixen precisi\u00f3 i qualitat en cada projecte.<\/p>\n<\/div><div class=\"block-cta-wrapper\"><a class=\"btn modal-launcher btn-primary\" title=\"Demana pressupost\" data-type=\"modal\" data-rel=\"451\" data-size=\"md\">Demana pressupost<\/a><\/div><\/div><\/div><\/section>\n\n<section class=\"block-wrapper block-wrapper-cfb corporate block-wrapper-columns-icons boxed\"><div class=\"container\"><div class=\"block-in-wrapper\"><h2 class=\"block-title\">Un servei integral en PLV<\/h2><div class=\"row\"><div class=\"column-item col-md-6 col-lg-3\"><div class=\"block-article\"><div class=\"title-subtitle order-2\"><h3 class=\"title\">Disseny i fabricaci\u00f3 d&#8217;encunys a mesura<\/h3><\/div><div class=\"image-wrapper order-1\"><img decoding=\"async\" src=\"https:\/\/pdisseny.com\/wp-content\/uploads\/2025\/10\/pdt-icon-1.svg\" alt=\"Icon\" class=\"img-fluid\" ><\/div><\/div><\/div><div class=\"column-item col-md-6 col-lg-3\"><div class=\"block-article\"><div class=\"title-subtitle order-2\"><h3 class=\"title\">Disseny d&#8217;elements PLV<\/h3><\/div><div class=\"image-wrapper order-1\"><img decoding=\"async\" src=\"https:\/\/pdisseny.com\/wp-content\/uploads\/2025\/10\/pdt-icon-2.svg\" alt=\"Icon\" class=\"img-fluid\" ><\/div><\/div><\/div><div class=\"column-item col-md-6 col-lg-3\"><div class=\"block-article\"><div class=\"title-subtitle order-2\"><h3 class=\"title\">Impressi\u00f3 i acabats PLV<\/h3><\/div><div class=\"image-wrapper order-1\"><img decoding=\"async\" src=\"https:\/\/pdisseny.com\/wp-content\/uploads\/2025\/10\/pdt-icon-3.svg\" alt=\"Icon\" class=\"img-fluid\" ><\/div><\/div><\/div><div class=\"column-item col-md-6 col-lg-3\"><div class=\"block-article\"><div class=\"title-subtitle order-2\"><h3 class=\"title\">Muntatge, instal\u00b7laci\u00f3 i log\u00edstica<\/h3><\/div><div class=\"image-wrapper order-1\"><img decoding=\"async\" src=\"https:\/\/pdisseny.com\/wp-content\/uploads\/2025\/10\/pdt-icon-4.svg\" alt=\"Icon\" class=\"img-fluid\" ><\/div><\/div><\/div><\/div><\/div><\/div><\/section>\n\n<section class=\"block-wrapper block-wrapper-cfb corporate block-wrapper-columns-icons\"><div class=\"container\"><div class=\"block-in-wrapper\"><h2 class=\"block-title\">Experi\u00e8ncia en m\u00faltiples sectors<\/h2><div class=\"block-description\"><p>Adaptem les nostres solucions a cada sector per a maximitzar el seu impacte.<\/p>\n<\/div><div class=\"row\"><div class=\"column-item col-md-4 col-lg-2\"><div class=\"block-article\"><div class=\"title-subtitle order-2\"><h3 class=\"title\">Fires i esdeveniments<\/h3><\/div><div class=\"image-wrapper order-1\"><img decoding=\"async\" src=\"https:\/\/pdisseny.com\/wp-content\/uploads\/2025\/10\/Vector-11.svg\" alt=\"Icon\" class=\"img-fluid\" ><\/div><\/div><\/div><div class=\"column-item col-md-4 col-lg-2\"><div class=\"block-article\"><div class=\"title-subtitle order-2\"><h3 class=\"title\">Gran consum i retail<\/h3><\/div><div class=\"image-wrapper order-1\"><img decoding=\"async\" src=\"https:\/\/pdisseny.com\/wp-content\/uploads\/2025\/10\/Vector-1-2.svg\" alt=\"Icon\" class=\"img-fluid\" ><\/div><\/div><\/div><div class=\"column-item col-md-4 col-lg-2\"><div class=\"block-article\"><div class=\"title-subtitle order-2\"><h3 class=\"title\">Automoci\u00f3<\/h3><\/div><div class=\"image-wrapper order-1\"><img decoding=\"async\" src=\"https:\/\/pdisseny.com\/wp-content\/uploads\/2025\/10\/Vector-2-2.svg\" alt=\"Icon\" class=\"img-fluid\" ><\/div><\/div><\/div><div class=\"column-item col-md-4 col-lg-2\"><div class=\"block-article\"><div class=\"title-subtitle order-2\"><h3 class=\"title\">Ind\u00fastria<\/h3><\/div><div class=\"image-wrapper order-1\"><img decoding=\"async\" src=\"https:\/\/pdisseny.com\/wp-content\/uploads\/2025\/10\/Vector-3-1.svg\" alt=\"Icon\" class=\"img-fluid\" ><\/div><\/div><\/div><div class=\"column-item col-md-4 col-lg-2\"><div class=\"block-article\"><div class=\"title-subtitle order-2\"><h3 class=\"title\">Farm\u00e0cia<\/h3><\/div><div class=\"image-wrapper order-1\"><img decoding=\"async\" src=\"https:\/\/pdisseny.com\/wp-content\/uploads\/2025\/10\/Vector-4.svg\" alt=\"Icon\" class=\"img-fluid\" ><\/div><\/div><\/div><div class=\"column-item col-md-4 col-lg-2\"><div class=\"block-article\"><div class=\"title-subtitle order-2\"><h3 class=\"title\">Cosm\u00e8tica<\/h3><\/div><div class=\"image-wrapper order-1\"><img decoding=\"async\" src=\"https:\/\/pdisseny.com\/wp-content\/uploads\/2025\/10\/Vector-5.svg\" alt=\"Icon\" class=\"img-fluid\" ><\/div><\/div><\/div><div class=\"column-item col-md-4 col-lg-2\"><div class=\"block-article\"><div class=\"title-subtitle order-2\"><h3 class=\"title\">\u00d2ptica<\/h3><\/div><div class=\"image-wrapper order-1\"><img decoding=\"async\" src=\"https:\/\/pdisseny.com\/wp-content\/uploads\/2025\/10\/Vector-6.svg\" alt=\"Icon\" class=\"img-fluid\" ><\/div><\/div><\/div><div class=\"column-item col-md-4 col-lg-2\"><div class=\"block-article\"><div class=\"title-subtitle order-2\"><h3 class=\"title\">Jogueter<\/h3><\/div><div class=\"image-wrapper order-1\"><img decoding=\"async\" src=\"https:\/\/pdisseny.com\/wp-content\/uploads\/2025\/10\/Vector-7.svg\" alt=\"Icon\" class=\"img-fluid\" ><\/div><\/div><\/div><div class=\"column-item col-md-4 col-lg-2\"><div class=\"block-article\"><div class=\"title-subtitle order-2\"><h3 class=\"title\">Editorials<\/h3><\/div><div class=\"image-wrapper order-1\"><img decoding=\"async\" src=\"https:\/\/pdisseny.com\/wp-content\/uploads\/2025\/10\/Vector-8.svg\" alt=\"Icon\" class=\"img-fluid\" ><\/div><\/div><\/div><div class=\"column-item col-md-4 col-lg-2\"><div class=\"block-article\"><div class=\"title-subtitle order-2\"><h3 class=\"title\">Climatitzaci\u00f3<\/h3><\/div><div class=\"image-wrapper order-1\"><img decoding=\"async\" src=\"https:\/\/pdisseny.com\/wp-content\/uploads\/2025\/10\/Vector-9.svg\" alt=\"Icon\" class=\"img-fluid\" ><\/div><\/div><\/div><div class=\"column-item col-md-4 col-lg-2\"><div class=\"block-article\"><div class=\"title-subtitle order-2\"><h3 class=\"title\">Mascotes<\/h3><\/div><div class=\"image-wrapper order-1\"><img decoding=\"async\" src=\"https:\/\/pdisseny.com\/wp-content\/uploads\/2025\/10\/Vector-10.svg\" alt=\"Icon\" class=\"img-fluid\" ><\/div><\/div><\/div><\/div><\/div><\/div><\/section>\n\n<section class=\"block-wrapper block-wrapper-cfb corporate margin-bottom-medium block-wrapper-banner background-as-attr \" data-image-src=\"https:\/\/pdisseny.com\/wp-content\/uploads\/2025\/10\/tablero2.jpg\"><div class=\"container\"><div class=\"block-in-wrapper\"><div class=\"row justify-content-center g-0\"><div class=\"col-12\"><div class=\"content-wrapper\"><div class=\"text-wrapper\"><h2 class=\"block-title\">La teva idea, la nostra precisi\u00f3<\/h2><div class=\"block-description\"><p>La teva marca mereix un acabat perfecte: nosaltres ho fem possible.<\/p>\n<\/div><\/div><div class=\"block-cta-wrapper\"><a class=\"btn modal-launcher btn-primary\" title=\"Contacta amb nosaltres\" data-type=\"modal\" data-rel=\"451\" data-size=\"md\">Contacta amb nosaltres<\/a><\/div><\/div><\/div><\/div><\/div><\/div><\/section>\n\n<section class=\"block-wrapper block-wrapper-cfb corporate margin-bottom-medium block-wrapper-slider-content image-right\"><div class=\"container\"><div class=\"block-in-wrapper\"><div class=\"row justify-content-center g-0\"><div class=\"block-text-wrapper col-lg-6\"><h2 class=\"block-title\">Els nostres projectes parlen per nosaltres<\/h2><div class=\"block-description\"><p>Projectes reals desenvolupats per a marques l\u00edders, on combinem disseny, impressi\u00f3 i muntatge<\/p>\n<\/div><\/div><div class=\"block-image-wrapper col-lg-6\"><div class=\"gur-block-gallery gur-block-gallery-slider has-slick-slider\" data-slick-show=\"1,1,1\" data-slick-scroll=\"1,1,1\" data-slick-infinite=\"true\" data-slick-arrows=\"true\"><div class=\"item\"><div class=\"image-wrapper\"><img loading=\"lazy\" decoding=\"async\" width=\"649\" height=\"367\" src=\"https:\/\/pdisseny.com\/wp-content\/uploads\/2025\/10\/plv-espacio.jpg\" class=\"img-fluid\" alt=\"PLV - Espai Lindt\" srcset=\"https:\/\/pdisseny.com\/wp-content\/uploads\/2025\/10\/plv-espacio.jpg 649w, https:\/\/pdisseny.com\/wp-content\/uploads\/2025\/10\/plv-espacio-600x339.jpg 600w\" sizes=\"auto, (max-width: 649px) 100vw, 649px\" \/><div class=\"title-wrapper\"> <p class=\"title\">PLV &#8211; Espai Lindt<\/p> <\/div><\/div><\/div><div class=\"item\"><div class=\"image-wrapper\"><img loading=\"lazy\" decoding=\"async\" width=\"649\" height=\"367\" src=\"https:\/\/pdisseny.com\/wp-content\/uploads\/2025\/10\/case-1.jpg\" class=\"img-fluid\" alt=\"PLV - Espai Lindt\" srcset=\"https:\/\/pdisseny.com\/wp-content\/uploads\/2025\/10\/case-1.jpg 649w, https:\/\/pdisseny.com\/wp-content\/uploads\/2025\/10\/case-1-600x339.jpg 600w\" sizes=\"auto, (max-width: 649px) 100vw, 649px\" \/><div class=\"title-wrapper\"> <p class=\"title\">PLV &#8211; Espai Lindt<\/p> <\/div><\/div><\/div><\/div><\/div><\/div><\/div><\/div><\/section>\n\n<section class=\"block-wrapper block-wrapper-cfb corporate block-wrapper-image-content no-bg image-right\" data-image-src=\"\"><div class=\"container\"><div class=\"block-in-wrapper\"><div class=\"row justify-content-center g-0\"><div class=\"block-text-wrapper col-lg-6\"><h2 class=\"block-title\">Els nostres valors diferencials<\/h2><div class=\"block-description\"><p><strong>En la nostra manera de treballar combinem precisi\u00f3 t\u00e8cnica i innovaci\u00f3 constant.<\/strong><\/p>\n<p><strong>Controlem tot el proc\u00e9s<\/strong>, des del <strong>disseny d&#8217;encunys propis fins<\/strong> a la <strong>producci\u00f3<\/strong> i la <strong>instal\u00b7laci\u00f3 en punt de venda<\/strong>, la qual cosa ens permet garantir <strong>terminis i resultats de qualitat.<\/strong><\/p>\n<p>Apostem per la<strong> sostenibilitat en materials i processos<\/strong>, i oferim un<strong> servei integral que simplifica el cam\u00ed als nostres clients.<\/strong><\/p>\n<\/div><\/div><div class=\"block-image-wrapper col-lg-6\"><div class=\"image-text\"><img decoding=\"async\" src=\"https:\/\/pdisseny.com\/wp-content\/uploads\/2025\/10\/ibercaja.jpg\" alt=\"Ibercaja\" class=\"img-fluid\" ><div class=\"block-text-image\"><p> Precisi\u00f3 i innovaci\u00f3 constant<\/p><\/div><\/div><\/div><\/div><\/div><\/div><\/section>","protected":false},"excerpt":{"rendered":"","protected":false},"author":1,"featured_media":0,"parent":0,"menu_order":0,"comment_status":"closed","ping_status":"closed","template":"","meta":{"_acf_changed":false,"_genesis_hide_title":true,"_genesis_hide_breadcrumbs":false,"_genesis_hide_singular_image":false,"_genesis_hide_footer_widgets":false,"_genesis_custom_body_class":"","_genesis_custom_post_class":"","_genesis_layout":"","footnotes":""},"class_list":{"0":"post-427","1":"page","2":"type-page","3":"status-publish","5":"entry"},"acf":[],"_links":{"self":[{"href":"https:\/\/pdisseny.com\/ca\/wp-json\/wp\/v2\/pages\/427","targetHints":{"allow":["GET"]}}],"collection":[{"href":"https:\/\/pdisseny.com\/ca\/wp-json\/wp\/v2\/pages"}],"about":[{"href":"https:\/\/pdisseny.com\/ca\/wp-json\/wp\/v2\/types\/page"}],"author":[{"embeddable":true,"href":"https:\/\/pdisseny.com\/ca\/wp-json\/wp\/v2\/users\/1"}],"replies":[{"embeddable":true,"href":"https:\/\/pdisseny.com\/ca\/wp-json\/wp\/v2\/comments?post=427"}],"version-history":[{"count":0,"href":"https:\/\/pdisseny.com\/ca\/wp-json\/wp\/v2\/pages\/427\/revisions"}],"wp:attachment":[{"href":"https:\/\/pdisseny.com\/ca\/wp-json\/wp\/v2\/media?parent=427"}],"curies":[{"name":"wp","href":"https:\/\/api.w.org\/{rel}","templated":true}]}}