{"id":424,"date":"2025-10-07T20:02:32","date_gmt":"2025-10-07T18:02:32","guid":{"rendered":"https:\/\/pdisseny.com\/empresa\/"},"modified":"2025-10-21T18:57:12","modified_gmt":"2025-10-21T16:57:12","slug":"empresa","status":"publish","type":"page","link":"https:\/\/pdisseny.com\/ca\/empresa\/","title":{"rendered":"Empresa"},"content":{"rendered":"<section class=\"block-wrapper block-wrapper-cfb corporate block-wrapper-header background-as-attr bg-norepeat\" data-image-src=\"https:\/\/pdisseny.com\/wp-content\/uploads\/2025\/10\/nosotros-pdt.jpg\"><div class=\"container\"><div class=\"block-in-wrapper\"><h1 class=\"block-title\">Especialistes en disseny i fabricaci\u00f3 d&#8217;encunys a mesura<\/h1><div class=\"block-cta-wrapper\"><a class=\"btn modal-launcher btn-primary\" title=\"Contacta amb nosaltres\" data-type=\"modal\" data-rel=\"451\" data-size=\"md\">Contacta amb nosaltres<\/a><\/div><\/div><\/div><\/section>\n\n<section class=\"block-wrapper block-wrapper-cfb corporate margin-top-medium margin-bottom-medium block-wrapper-image-content no-bg image-left\" data-image-src=\"\"><div class=\"container\"><div class=\"block-in-wrapper\"><div class=\"row justify-content-center g-0\"><div class=\"block-text-wrapper col-lg-6\"><h2 class=\"block-title\">Una empresa nascuda per a donar forma a les teves idees<\/h2><div class=\"block-description\"><p data-start=\"84\" data-end=\"263\">En <strong>PDT<\/strong> som <strong>especialistes en encunys a mesura per a embalatge, PLV i comunicaci\u00f3 gr\u00e0fica.<\/strong><\/p>\n<p data-start=\"84\" data-end=\"263\">La nostra major fortalesa \u00e9s <strong>fabricar els nostres propis encunys<\/strong>, la qual cosa ens permet <strong>controlar tot el proc\u00e9s productiu i assegurar lliuraments r\u00e0pids, fiables i amb la m\u00e0xima qualitat.<\/strong><\/p>\n<\/div><\/div><div class=\"block-image-wrapper col-lg-6\"><div class=\"image-text\"><img decoding=\"async\" src=\"https:\/\/pdisseny.com\/wp-content\/uploads\/2025\/10\/nos-define.jpg\" alt=\"Disseny\" class=\"img-fluid\" ><div class=\"block-text-image\"><p>Especialistes en encunys<\/p><\/div><\/div><\/div><\/div><\/div><\/div><\/section>\n\n<section class=\"block-wrapper block-wrapper-cfb corporate block-wrapper-columns-icons boxed\"><div class=\"container\"><div class=\"block-in-wrapper\"><h2 class=\"block-title\">Un servei integral en encunys i PLV<\/h2><div class=\"row\"><div class=\"column-item col-md-6 col-lg-3\"><div class=\"block-article\"><div class=\"title-subtitle order-2\"><h3 class=\"title\">Disseny i fabricaci\u00f3 d&#8217;encunys a mesura<\/h3><\/div><div class=\"image-wrapper order-1\"><img decoding=\"async\" src=\"https:\/\/pdisseny.com\/wp-content\/uploads\/2025\/10\/pdt-icon-1.svg\" alt=\"Icon\" class=\"img-fluid\" ><\/div><\/div><\/div><div class=\"column-item col-md-6 col-lg-3\"><div class=\"block-article\"><div class=\"title-subtitle order-2\"><h3 class=\"title\">Producci\u00f3 d&#8217;elements PLV personalitzats<\/h3><\/div><div class=\"image-wrapper order-1\"><img decoding=\"async\" src=\"https:\/\/pdisseny.com\/wp-content\/uploads\/2025\/10\/pdt-icon-2.svg\" alt=\"Icon\" class=\"img-fluid\" ><\/div><\/div><\/div><div class=\"column-item col-md-6 col-lg-3\"><div class=\"block-article\"><div class=\"title-subtitle order-2\"><h3 class=\"title\">Control intern de processos per a garantir terminis<\/h3><\/div><div class=\"image-wrapper order-1\"><img decoding=\"async\" src=\"https:\/\/pdisseny.com\/wp-content\/uploads\/2025\/10\/pdt-icon-3.svg\" alt=\"Icon\" class=\"img-fluid\" ><\/div><\/div><\/div><div class=\"column-item col-md-6 col-lg-3\"><div class=\"block-article\"><div class=\"title-subtitle order-2\"><h3 class=\"title\">Acabats d&#8217;alta qualitat en tota mena de suports<\/h3><\/div><div class=\"image-wrapper order-1\"><img decoding=\"async\" src=\"https:\/\/pdisseny.com\/wp-content\/uploads\/2025\/10\/pdt-icon-4.svg\" alt=\"Icon\" class=\"img-fluid\" ><\/div><\/div><\/div><\/div><\/div><\/div><\/section>\n\n<section class=\"block-wrapper block-wrapper-cfb corporate margin-top-medium block-wrapper-image-content no-bg image-right\" data-image-src=\"\"><div class=\"container\"><div class=\"block-in-wrapper\"><div class=\"row justify-content-center g-0\"><div class=\"block-text-wrapper col-lg-6\"><h2 class=\"block-title\">El que ens fa diferents<\/h2><div class=\"block-description\"><ul>\n<li data-start=\"84\" data-end=\"263\">Control absolut del proc\u00e9s.<\/li>\n<li data-start=\"84\" data-end=\"263\">Compliment de terminis de lliurament.<\/li>\n<li data-start=\"84\" data-end=\"263\">Precisi\u00f3 garantida en cada cort.<\/li>\n<li data-start=\"84\" data-end=\"263\">Flexibilitat en grans i petites produccions.<\/li>\n<li data-start=\"84\" data-end=\"263\">Solucions adaptades a diferents sectors.<\/li>\n<\/ul>\n<\/div><\/div><div class=\"block-image-wrapper col-lg-6\"><div class=\"image-text\"><img decoding=\"async\" src=\"https:\/\/pdisseny.com\/wp-content\/uploads\/2025\/10\/solucion.jpg\" alt=\"Soluci\u00f3n\" class=\"img-fluid\" ><div class=\"block-text-image\"><p> Solucions adaptades<\/p><\/div><\/div><\/div><\/div><\/div><\/div><\/section>\n\n<section class=\"block-wrapper block-wrapper-cfb corporate block-wrapper-columns-icons\"><div class=\"container\"><div class=\"block-in-wrapper\"><h2 class=\"block-title text-center text-md-center text-lg-center\">Experi\u00e8ncia en m\u00faltiples sectors<\/h2><div class=\"block-description text-center text-md-center text-lg-center\"><p>Adaptem les nostres solucions a cada sector per a maximitzar el seu impacte.<\/p>\n<\/div><div class=\"row\"><div class=\"column-item col-md-4 col-lg-2\"><div class=\"block-article\"><div class=\"title-subtitle order-2\"><h3 class=\"title\">Fires i esdeveniments<\/h3><\/div><div class=\"image-wrapper order-1\"><img decoding=\"async\" src=\"https:\/\/pdisseny.com\/wp-content\/uploads\/2025\/10\/Vector-11.svg\" alt=\"Icon\" class=\"img-fluid\" ><\/div><\/div><\/div><div class=\"column-item col-md-4 col-lg-2\"><div class=\"block-article\"><div class=\"title-subtitle order-2\"><h3 class=\"title\">Gran consum i retail<\/h3><\/div><div class=\"image-wrapper order-1\"><img decoding=\"async\" src=\"https:\/\/pdisseny.com\/wp-content\/uploads\/2025\/10\/Vector-1-2.svg\" alt=\"Icon\" class=\"img-fluid\" ><\/div><\/div><\/div><div class=\"column-item col-md-4 col-lg-2\"><div class=\"block-article\"><div class=\"title-subtitle order-2\"><h3 class=\"title\">Automoci\u00f3<\/h3><\/div><div class=\"image-wrapper order-1\"><img decoding=\"async\" src=\"https:\/\/pdisseny.com\/wp-content\/uploads\/2025\/10\/Vector-2-2.svg\" alt=\"Icon\" class=\"img-fluid\" ><\/div><\/div><\/div><div class=\"column-item col-md-4 col-lg-2\"><div class=\"block-article\"><div class=\"title-subtitle order-2\"><h3 class=\"title\">Ind\u00fastria<\/h3><\/div><div class=\"image-wrapper order-1\"><img decoding=\"async\" src=\"https:\/\/pdisseny.com\/wp-content\/uploads\/2025\/10\/Vector-3-1.svg\" alt=\"Icon\" class=\"img-fluid\" ><\/div><\/div><\/div><div class=\"column-item col-md-4 col-lg-2\"><div class=\"block-article\"><div class=\"title-subtitle order-2\"><h3 class=\"title\">Farm\u00e0cia<\/h3><\/div><div class=\"image-wrapper order-1\"><img decoding=\"async\" src=\"https:\/\/pdisseny.com\/wp-content\/uploads\/2025\/10\/Vector-4.svg\" alt=\"Icon\" class=\"img-fluid\" ><\/div><\/div><\/div><div class=\"column-item col-md-4 col-lg-2\"><div class=\"block-article\"><div class=\"title-subtitle order-2\"><h3 class=\"title\">Cosm\u00e8tica<\/h3><\/div><div class=\"image-wrapper order-1\"><img decoding=\"async\" src=\"https:\/\/pdisseny.com\/wp-content\/uploads\/2025\/10\/Vector-5.svg\" alt=\"Icon\" class=\"img-fluid\" ><\/div><\/div><\/div><div class=\"column-item col-md-4 col-lg-2\"><div class=\"block-article\"><div class=\"title-subtitle order-2\"><h3 class=\"title\">\u00d2ptica<\/h3><\/div><div class=\"image-wrapper order-1\"><img decoding=\"async\" src=\"https:\/\/pdisseny.com\/wp-content\/uploads\/2025\/10\/Vector-6.svg\" alt=\"Icon\" class=\"img-fluid\" ><\/div><\/div><\/div><div class=\"column-item col-md-4 col-lg-2\"><div class=\"block-article\"><div class=\"title-subtitle order-2\"><h3 class=\"title\">Jogueter<\/h3><\/div><div class=\"image-wrapper order-1\"><img decoding=\"async\" src=\"https:\/\/pdisseny.com\/wp-content\/uploads\/2025\/10\/Vector-7.svg\" alt=\"Icon\" class=\"img-fluid\" ><\/div><\/div><\/div><div class=\"column-item col-md-4 col-lg-2\"><div class=\"block-article\"><div class=\"title-subtitle order-2\"><h3 class=\"title\">Editorials<\/h3><\/div><div class=\"image-wrapper order-1\"><img decoding=\"async\" src=\"https:\/\/pdisseny.com\/wp-content\/uploads\/2025\/10\/Vector-8.svg\" alt=\"Icon\" class=\"img-fluid\" ><\/div><\/div><\/div><div class=\"column-item col-md-4 col-lg-2\"><div class=\"block-article\"><div class=\"title-subtitle order-2\"><h3 class=\"title\">Climatitzaci\u00f3<\/h3><\/div><div class=\"image-wrapper order-1\"><img decoding=\"async\" src=\"https:\/\/pdisseny.com\/wp-content\/uploads\/2025\/10\/Vector-9.svg\" alt=\"Icon\" class=\"img-fluid\" ><\/div><\/div><\/div><div class=\"column-item col-md-4 col-lg-2\"><div class=\"block-article\"><div class=\"title-subtitle order-2\"><h3 class=\"title\">Mascotes<\/h3><\/div><div class=\"image-wrapper order-1\"><img decoding=\"async\" src=\"https:\/\/pdisseny.com\/wp-content\/uploads\/2025\/10\/Vector-10.svg\" alt=\"Icon\" class=\"img-fluid\" ><\/div><\/div><\/div><\/div><\/div><\/div><\/section>\n\n<section class=\"block-wrapper block-wrapper-cfb corporate margin-bottom-medium block-wrapper-slider-content image-right\"><div class=\"container\"><div class=\"block-in-wrapper\"><div class=\"row justify-content-center g-0\"><div class=\"block-text-wrapper col-lg-6\"><h2 class=\"block-title\">Marques que confien en nosaltres<\/h2><div class=\"block-description\"><p>Projectes que mostren com transformem el disseny en resultats tangibles en el punt de venda.<\/p>\n<\/div><\/div><div class=\"block-image-wrapper col-lg-6\"><div class=\"gur-block-gallery gur-block-gallery-slider has-slick-slider\" data-slick-show=\"1,1,1\" data-slick-scroll=\"1,1,1\" data-slick-infinite=\"true\" data-slick-arrows=\"true\"><div class=\"item\"><div class=\"image-wrapper\"><img loading=\"lazy\" decoding=\"async\" width=\"649\" height=\"367\" src=\"https:\/\/pdisseny.com\/wp-content\/uploads\/2025\/10\/Rectangle-423.jpg\" class=\"img-fluid\" alt=\"Cola Cao\" srcset=\"https:\/\/pdisseny.com\/wp-content\/uploads\/2025\/10\/Rectangle-423.jpg 649w, https:\/\/pdisseny.com\/wp-content\/uploads\/2025\/10\/Rectangle-423-600x339.jpg 600w\" sizes=\"auto, (max-width: 649px) 100vw, 649px\" \/><div class=\"title-wrapper\"> <p class=\"title\">PLV &#8211; Cola Cao<\/p> <\/div><\/div><\/div><\/div><\/div><\/div><\/div><\/div><\/section>\n\n<section class=\"block-wrapper block-wrapper-cfb corporate block-wrapper-banner background-as-attr \" data-image-src=\"https:\/\/pdisseny.com\/wp-content\/uploads\/2025\/10\/Rectangle-4-1.jpg\"><div class=\"container\"><div class=\"block-in-wrapper\"><div class=\"row justify-content-center g-0\"><div class=\"col-12\"><div class=\"content-wrapper\"><div class=\"text-wrapper\"><h2 class=\"block-title\">Necessites un encuny a mesura per al teu pr\u00f2xim projecte?<\/h2><div class=\"block-description\"><p>Fabriquem internament per a oferir rapidesa, fiabilitat i control en cada fase.<\/p>\n<\/div><\/div><div class=\"block-cta-wrapper\"><a class=\"btn modal-launcher btn-primary\" title=\"Contacta con nosotros\" data-type=\"modal\" data-rel=\"11\" data-size=\"md\">Contacta con nosotros<\/a><\/div><\/div><\/div><\/div><\/div><\/div><\/section>","protected":false},"excerpt":{"rendered":"","protected":false},"author":3,"featured_media":0,"parent":0,"menu_order":0,"comment_status":"closed","ping_status":"closed","template":"","meta":{"_acf_changed":false,"_genesis_hide_title":true,"_genesis_hide_breadcrumbs":false,"_genesis_hide_singular_image":false,"_genesis_hide_footer_widgets":false,"_genesis_custom_body_class":"","_genesis_custom_post_class":"","_genesis_layout":"","footnotes":""},"class_list":{"0":"post-424","1":"page","2":"type-page","3":"status-publish","5":"entry"},"acf":[],"_links":{"self":[{"href":"https:\/\/pdisseny.com\/ca\/wp-json\/wp\/v2\/pages\/424","targetHints":{"allow":["GET"]}}],"collection":[{"href":"https:\/\/pdisseny.com\/ca\/wp-json\/wp\/v2\/pages"}],"about":[{"href":"https:\/\/pdisseny.com\/ca\/wp-json\/wp\/v2\/types\/page"}],"author":[{"embeddable":true,"href":"https:\/\/pdisseny.com\/ca\/wp-json\/wp\/v2\/users\/3"}],"replies":[{"embeddable":true,"href":"https:\/\/pdisseny.com\/ca\/wp-json\/wp\/v2\/comments?post=424"}],"version-history":[{"count":0,"href":"https:\/\/pdisseny.com\/ca\/wp-json\/wp\/v2\/pages\/424\/revisions"}],"wp:attachment":[{"href":"https:\/\/pdisseny.com\/ca\/wp-json\/wp\/v2\/media?parent=424"}],"curies":[{"name":"wp","href":"https:\/\/api.w.org\/{rel}","templated":true}]}}