{"id":419,"date":"2025-10-07T20:03:10","date_gmt":"2025-10-07T18:03:10","guid":{"rendered":"https:\/\/pdisseny.com\/accesibilidad-aa\/"},"modified":"2025-10-22T13:05:27","modified_gmt":"2025-10-22T11:05:27","slug":"accessibilitat-aa","status":"publish","type":"page","link":"https:\/\/pdisseny.com\/ca\/accessibilitat-aa\/","title":{"rendered":"Accessibilitat AA"},"content":{"rendered":"\n<div class=\"wp-block-gur-container gur-container container-reduced\" id=\"\">\n<div class=\"wp-block-gur-row gur-row row justify-content-start align-items-start\" id=\"\">\n<div class=\"wp-block-gur-column gur-col col\" id=\"\">\n<h1 class=\"wp-block-heading mt-4 mb-4\">Accessibilitat AA<\/h1>\n\n\n\n<p class=\"has-text-align-left\"><strong>Pautes d&#8217;Accessibilitat Web<\/strong><\/p>\n\n\n\n<p>Aquest lloc web compleix amb les <strong>Pautes d&#8217;Accessibilitat al Contingut Web 2.0 (WCAG 2.0)<\/strong><\/p>\n\n\n\n<p>Aquestes pautes, quant a accessibilitat web per a persones discapacitades, aquesta desenvolupades per la Iniciativa <strong>d&#8217;Accessibilitat en la Web (WAI) del Consorci W3C.<\/strong><\/p>\n\n\n\n<p>Les caracter\u00edstiques d&#8217;un lloc accessible s\u00f3n:<\/p>\n\n\n\n<ul class=\"wp-block-list\">\n<li>Transformable: La informaci\u00f3 i els serveis han de ser accessibles per a tots i han de poder ser utilitzats amb tots els dispositius de navegaci\u00f3.<\/li>\n\n\n\n<li>Comprensible: Continguts clars i simples.<\/li>\n\n\n\n<li>Navegable: Mecanismes senzills de navegaci\u00f3.<\/li>\n\n\n\n<li>Les Pautes d&#8217;Accessibilitat al Contingut Web 2.0 es componen de 4 principis, 12 directrius i 61 criteris de compliment:<\/li>\n<\/ul>\n\n\n\n<p><strong>Principi 1: Perceptibilitat<\/strong><\/p>\n\n\n\n<p>La informaci\u00f3 i els components de la interf\u00edcie d&#8217;usuari han de presentar-se als usuaris de la manera en qu\u00e8 puguin percebre&#8217;ls. 4 directrius i 22 criteris de compliment.<\/p>\n\n\n\n<p><strong>Principi 2: Operabilitat<\/strong><\/p>\n\n\n\n<p>Els components de la interf\u00edcie d&#8217;usuari i la navegaci\u00f3 han de ser operables. 4 directrius i 20 criteris de compliment.<\/p>\n\n\n\n<p><strong>Principi 3: Comprensibilitat<\/strong><\/p>\n\n\n\n<p>La informaci\u00f3 i el maneig de la interf\u00edcie d&#8217;usuari han de ser comprensibles. 3 directrius i 17 criteris de compliment.<\/p>\n\n\n\n<p><strong>Principi 4: Robustesa<\/strong><\/p>\n\n\n\n<p>El contingut ha de ser prou robust com per a confiar-se en la seva interpretaci\u00f3 per part d&#8217;una \u00e0mplia varietat d&#8217;agents d&#8217;usuari, incloses les tecnologies assistides. 1 directriu i 2 criteris de compliment.<\/p>\n<\/div>\n<\/div>\n<\/div>\n","protected":false},"excerpt":{"rendered":"","protected":false},"author":3,"featured_media":0,"parent":0,"menu_order":0,"comment_status":"closed","ping_status":"closed","template":"","meta":{"_acf_changed":false,"_genesis_hide_title":true,"_genesis_hide_breadcrumbs":false,"_genesis_hide_singular_image":false,"_genesis_hide_footer_widgets":false,"_genesis_custom_body_class":"","_genesis_custom_post_class":"","_genesis_layout":"","footnotes":""},"class_list":{"0":"post-419","1":"page","2":"type-page","3":"status-publish","5":"entry"},"acf":[],"_links":{"self":[{"href":"https:\/\/pdisseny.com\/ca\/wp-json\/wp\/v2\/pages\/419","targetHints":{"allow":["GET"]}}],"collection":[{"href":"https:\/\/pdisseny.com\/ca\/wp-json\/wp\/v2\/pages"}],"about":[{"href":"https:\/\/pdisseny.com\/ca\/wp-json\/wp\/v2\/types\/page"}],"author":[{"embeddable":true,"href":"https:\/\/pdisseny.com\/ca\/wp-json\/wp\/v2\/users\/3"}],"replies":[{"embeddable":true,"href":"https:\/\/pdisseny.com\/ca\/wp-json\/wp\/v2\/comments?post=419"}],"version-history":[{"count":2,"href":"https:\/\/pdisseny.com\/ca\/wp-json\/wp\/v2\/pages\/419\/revisions"}],"predecessor-version":[{"id":578,"href":"https:\/\/pdisseny.com\/ca\/wp-json\/wp\/v2\/pages\/419\/revisions\/578"}],"wp:attachment":[{"href":"https:\/\/pdisseny.com\/ca\/wp-json\/wp\/v2\/media?parent=419"}],"curies":[{"name":"wp","href":"https:\/\/api.w.org\/{rel}","templated":true}]}}